{"id":4572,"date":"2025-03-03T20:54:13","date_gmt":"2025-03-03T20:54:13","guid":{"rendered":"https:\/\/cakepro.nl\/?post_type=product&#038;p=4572"},"modified":"2026-04-02T12:57:43","modified_gmt":"2026-04-02T12:57:43","slug":"funcakes-backformen-white-pk-500","status":"publish","type":"product","link":"https:\/\/cakepro.nl\/en\/product\/funcakes-backformen-white-pk-500\/","title":{"rendered":"FunCakes Backformen White pk\/500"},"content":{"rendered":"<h2 class=\"sectiontitle produktbeschreibung\">Produktbeschreibung FunCakes Backformen White pk\/500<\/h2>\n<div class=\"product attribute description\">\n<div class=\"value\">\n<p>Sie planen, viele Cupcakes oder Muffins zu backen? Dann ist dieses Set mit 500 wei\u00dfen Backf\u00f6rmchen von FunCakes perfekt. Die Backf\u00f6rmchen sind aus hochwertigem Pergamentpapier hergestellt.<\/p>\n<ul>\n<li>Die Backf\u00f6rmchen sind in einer praktischen Box mit Eurolock verpackt.<\/li>\n<li>Gr\u00f6\u00dfe der Backformen: ca. 5 cm im Durchmesser und 3,2 cm hoch.<\/li>\n<li>Verwenden Sie die Backformen in Kombination mit einem Muffinblech f\u00fcr ein optimales Ergebnis.<\/li>\n<li>Inhalt: 500 Backf\u00f6rmchen.<\/li>\n<\/ul>\n<p>Die Verpackung dieses Produkts enth\u00e4lt die folgenden Sprachen: Niederl\u00e4ndisch, Englisch, Deutsch, Franz\u00f6sisch, Spanisch, Italienisch, Polnisch, Schwedisch, D\u00e4nisch, Portugiesisch und Finnisch.<\/p>\n<ul>\n<li>Die Backf\u00f6rmchen sind in einer praktischen Box mit Eurolock verpackt.<\/li>\n<li>Gr\u00f6\u00dfe der Backformen: ca. 5 cm im Durchmesser und 3,2 cm hoch.<\/li>\n<li>Verwenden Sie die Backformen in Kombination mit einem Muffinblech f\u00fcr ein optimales Ergebnis.<\/li>\n<li>Inhalt: 500 Backf\u00f6rmchen.<\/li>\n<\/ul>\n<p>Die Verpackung dieses Produkts enth\u00e4lt die folgenden Sprachen: Niederl\u00e4ndisch, Englisch, Deutsch, Franz\u00f6sisch, Spanisch, Italienisch, Polnisch, Schwedisch, D\u00e4nisch, Portugiesisch und Finnisch.<\/p>\n<\/div>\n<\/div>\n","protected":false},"excerpt":{"rendered":"<p>Produktbeschreibung FunCakes Backformen White pk\/500 Sie planen, viele Cupcakes oder Muffins zu backen? Dann ist dieses Set mit 500 wei\u00dfen Backf\u00f6rmchen von FunCakes perfekt. Die Backf\u00f6rmchen sind aus hochwertigem Pergamentpapier hergestellt. Die Backf\u00f6rmchen sind in einer praktischen Box mit Eurolock verpackt. Gr\u00f6\u00dfe der Backformen: ca. 5 cm im Durchmesser und 3,2 cm hoch. Verwenden Sie [&hellip;]<\/p>\n","protected":false},"featured_media":4573,"template":"","meta":{"inline_featured_image":false},"product_brand":[],"product_cat":[548,15],"product_tag":[],"class_list":{"0":"post-4572","1":"product","2":"type-product","3":"status-publish","4":"has-post-thumbnail","6":"product_cat-funcakes","7":"product_cat-overige-producten","9":"first","10":"outofstock","11":"taxable","12":"shipping-taxable","13":"purchasable","14":"product-type-simple"},"_links":{"self":[{"href":"https:\/\/cakepro.nl\/en\/wp-json\/wp\/v2\/product\/4572","targetHints":{"allow":["GET"]}}],"collection":[{"href":"https:\/\/cakepro.nl\/en\/wp-json\/wp\/v2\/product"}],"about":[{"href":"https:\/\/cakepro.nl\/en\/wp-json\/wp\/v2\/types\/product"}],"wp:featuredmedia":[{"embeddable":true,"href":"https:\/\/cakepro.nl\/en\/wp-json\/wp\/v2\/media\/4573"}],"wp:attachment":[{"href":"https:\/\/cakepro.nl\/en\/wp-json\/wp\/v2\/media?parent=4572"}],"wp:term":[{"taxonomy":"product_brand","embeddable":true,"href":"https:\/\/cakepro.nl\/en\/wp-json\/wp\/v2\/product_brand?post=4572"},{"taxonomy":"product_cat","embeddable":true,"href":"https:\/\/cakepro.nl\/en\/wp-json\/wp\/v2\/product_cat?post=4572"},{"taxonomy":"product_tag","embeddable":true,"href":"https:\/\/cakepro.nl\/en\/wp-json\/wp\/v2\/product_tag?post=4572"}],"curies":[{"name":"wp","href":"https:\/\/api.w.org\/{rel}","templated":true}]}}