{"id":7235,"date":"2026-03-10T14:31:21","date_gmt":"2026-03-10T14:31:21","guid":{"rendered":"https:\/\/cakepro.nl\/product\/ovalette-chocolade-patisseriemix-1-kg\/"},"modified":"2026-05-04T15:12:32","modified_gmt":"2026-05-04T15:12:32","slug":"ovalette-chocolade-patisseriemix-1-kg","status":"publish","type":"product","link":"https:\/\/cakepro.nl\/tr\/urun\/ovalette-chocolade-patisseriemix-1-kg\/","title":{"rendered":"Ovalette \u00c7ikolata Aromal\u0131 Pastac\u0131l\u0131k Kar\u0131\u015f\u0131m\u0131 \u2013 1 kg"},"content":{"rendered":"<div class=\"flex flex-col text-sm pb-25\">\n<article class=\"text-token-text-primary w-full focus:outline-none [--shadow-height:45px] has-data-writing-block:pointer-events-none has-data-writing-block:-mt-(--shadow-height) has-data-writing-block:pt-(--shadow-height) [&amp;:has([data-writing-block])&gt;*]:pointer-events-auto scroll-mt-[calc(var(--header-height)+min(200px,max(70px,20svh)))]\" dir=\"auto\" data-turn-id=\"56764011-10eb-4af0-a214-035f5cd1870d\" data-testid=\"conversation-turn-52\" data-scroll-anchor=\"true\" data-turn=\"assistant\">\n<div class=\"text-base my-auto mx-auto pb-10 [--thread-content-margin:var(--thread-content-margin-xs,calc(var(--spacing)*4))] @w-sm\/main:[--thread-content-margin:var(--thread-content-margin-sm,calc(var(--spacing)*6))] @w-lg\/main:[--thread-content-margin:var(--thread-content-margin-lg,calc(var(--spacing)*16))] px-(--thread-content-margin)\">\n<div class=\"[--thread-content-max-width:40rem] @w-lg\/main:[--thread-content-max-width:48rem] mx-auto max-w-(--thread-content-max-width) flex-1 group\/turn-messages focus-visible:outline-hidden relative flex w-full min-w-0 flex-col agent-turn\">\n<div class=\"flex max-w-full flex-col gap-4 grow\">\n<div class=\"min-h-8 text-message relative flex w-full flex-col items-end gap-2 text-start break-words whitespace-normal [.text-message+&amp;]:mt-1\" dir=\"auto\" data-message-author-role=\"assistant\" data-message-id=\"56764011-10eb-4af0-a214-035f5cd1870d\" data-message-model-slug=\"gpt-5-3\">\n<div class=\"flex w-full flex-col gap-1 empty:hidden\">\n<div class=\"markdown prose dark:prose-invert w-full wrap-break-word light markdown-new-styling\">\n<div class=\"flex flex-col text-sm pb-25\">\n<article class=\"text-token-text-primary w-full focus:outline-none [--shadow-height:45px] has-data-writing-block:pointer-events-none has-data-writing-block:-mt-(--shadow-height) has-data-writing-block:pt-(--shadow-height) [&amp;:has([data-writing-block])&gt;*]:pointer-events-auto scroll-mt-[calc(var(--header-height)+min(200px,max(70px,20svh)))]\" dir=\"auto\" data-turn-id=\"1683717a-3d4c-45c0-a2cb-47adbfbfa32b\" data-testid=\"conversation-turn-54\" data-scroll-anchor=\"true\" data-turn=\"assistant\">\n<div class=\"text-base my-auto mx-auto pb-10 [--thread-content-margin:var(--thread-content-margin-xs,calc(var(--spacing)*4))] @w-sm\/main:[--thread-content-margin:var(--thread-content-margin-sm,calc(var(--spacing)*6))] @w-lg\/main:[--thread-content-margin:var(--thread-content-margin-lg,calc(var(--spacing)*16))] px-(--thread-content-margin)\">\n<div class=\"[--thread-content-max-width:40rem] @w-lg\/main:[--thread-content-max-width:48rem] mx-auto max-w-(--thread-content-max-width) flex-1 group\/turn-messages focus-visible:outline-hidden relative flex w-full min-w-0 flex-col agent-turn\">\n<div class=\"flex max-w-full flex-col gap-4 grow\">\n<div class=\"min-h-8 text-message relative flex w-full flex-col items-end gap-2 text-start break-words whitespace-normal [.text-message+&amp;]:mt-1\" dir=\"auto\" data-message-author-role=\"assistant\" data-message-id=\"b6d67a90-91dc-45ba-bcab-e0576b0c0509\" data-message-model-slug=\"gpt-5-3\">\n<div class=\"flex w-full flex-col gap-1 empty:hidden\">\n<div class=\"markdown prose dark:prose-invert w-full wrap-break-word light markdown-new-styling\">\n<div class=\"text-base my-auto mx-auto [--thread-content-margin:var(--thread-content-margin-xs,calc(var(--spacing)*4))] @w-sm\/main:[--thread-content-margin:var(--thread-content-margin-sm,calc(var(--spacing)*6))] @w-lg\/main:[--thread-content-margin:var(--thread-content-margin-lg,calc(var(--spacing)*16))] px-(--thread-content-margin)\">\n<div class=\"[--thread-content-max-width:40rem] @w-lg\/main:[--thread-content-max-width:48rem] mx-auto max-w-(--thread-content-max-width) flex-1 group\/turn-messages focus-visible:outline-hidden relative flex w-full min-w-0 flex-col agent-turn\">\n<div class=\"flex max-w-full flex-col gap-4 grow\">\n<div class=\"min-h-8 text-message relative flex w-full flex-col items-end gap-2 text-start break-words whitespace-normal [.text-message+&amp;]:mt-1\" dir=\"auto\" data-message-author-role=\"assistant\" data-message-id=\"75cadeef-1bd7-4269-86d2-f9689e5c242e\" data-message-model-slug=\"gpt-5-3\">\n<div class=\"flex w-full flex-col gap-1 empty:hidden\">\n<div class=\"markdown prose dark:prose-invert w-full wrap-break-word light markdown-new-styling\">\n<div class=\"text-base my-auto mx-auto [--thread-content-margin:var(--thread-content-margin-xs,calc(var(--spacing)*4))] @w-sm\/main:[--thread-content-margin:var(--thread-content-margin-sm,calc(var(--spacing)*6))] @w-lg\/main:[--thread-content-margin:var(--thread-content-margin-lg,calc(var(--spacing)*16))] px-(--thread-content-margin)\">\n<div class=\"[--thread-content-max-width:40rem] @w-lg\/main:[--thread-content-max-width:48rem] mx-auto max-w-(--thread-content-max-width) flex-1 group\/turn-messages focus-visible:outline-hidden relative flex w-full min-w-0 flex-col agent-turn\">\n<div class=\"flex max-w-full flex-col gap-4 grow\">\n<div class=\"min-h-8 text-message relative flex w-full flex-col items-end gap-2 text-start break-words whitespace-normal [.text-message+&amp;]:mt-1\" dir=\"auto\" data-message-author-role=\"assistant\" data-message-id=\"1037c89e-8e64-4b61-9a0d-1b1b3998b7c9\" data-message-model-slug=\"gpt-5-3\">\n<div class=\"flex w-full flex-col gap-1 empty:hidden\">\n<div class=\"markdown prose dark:prose-invert w-full wrap-break-word light markdown-new-styling\">\n<p data-start=\"93\" data-end=\"357\">Ovalette \u00e7ikolata aromal\u0131 pastac\u0131l\u0131k kar\u0131\u015f\u0131m\u0131; pastaneler, patisserie ve tatl\u0131lar i\u00e7in \u00f6zel olarak geli\u015ftirilmi\u015f, \u00e7ikolata aromal\u0131 y\u00fcksek kaliteli bir kar\u0131\u015f\u0131md\u0131r. Zengin \u00e7ikolata tad\u0131 ve kremams\u0131, p\u00fcr\u00fczs\u00fcz yap\u0131s\u0131 sayesinde farkl\u0131 tatl\u0131 tariflerinde kullan\u0131m i\u00e7in idealdir.<\/p>\n<p data-start=\"359\" data-end=\"545\">Bu kar\u0131\u015f\u0131m; pasta, kek ve tatl\u0131lar i\u00e7in dolgu, krema ve topping haz\u0131rlamak i\u00e7in m\u00fckemmeldir. 1 kg\u2019l\u0131k ambalaj\u0131 sayesinde hem profesyonel kullan\u0131m hem de yo\u011fun ev kullan\u0131m\u0131 i\u00e7in uygundur.<\/p>\n<p data-start=\"731\" data-end=\"752\"><strong data-start=\"731\" data-end=\"752\">Teknik \u00d6zellikler<\/strong><\/p>\n<p data-start=\"754\" data-end=\"878\">\u2022 Marka: Ovalette<br data-start=\"771\" data-end=\"774\" \/>\u2022 \u00dcr\u00fcn: \u00c7ikolata aromal\u0131 pastac\u0131l\u0131k kar\u0131\u015f\u0131m\u0131<br data-start=\"810\" data-end=\"813\" \/>\u2022 Tip: Pastac\u0131l\u0131k kar\u0131\u015f\u0131m\u0131<br data-start=\"839\" data-end=\"842\" \/>\u2022 Aroma: \u00c7ikolata<br data-start=\"859\" data-end=\"862\" \/>\u2022 \u0130\u00e7erik: 1 kg<\/p>\n<p data-start=\"880\" data-end=\"901\"><strong data-start=\"880\" data-end=\"901\">Kullan\u0131m Alanlar\u0131<\/strong><\/p>\n<p data-start=\"903\" data-end=\"924\">\u015eunlar i\u00e7in uygundur:<\/p>\n<p data-start=\"926\" data-end=\"1037\">\u2022 Pasta dolgular\u0131<br data-start=\"943\" data-end=\"946\" \/>\u2022 Kek ve tatl\u0131lar<br data-start=\"963\" data-end=\"966\" \/>\u2022 Pastac\u0131l\u0131k \u00fcr\u00fcnleri<br data-start=\"987\" data-end=\"990\" \/>\u2022 Topping ve dekorasyonlar<br data-start=\"1016\" data-end=\"1019\" \/>\u2022 F\u0131r\u0131n \u00fcr\u00fcnleri<\/p>\n<p data-start=\"1039\" data-end=\"1050\"><strong data-start=\"1039\" data-end=\"1050\">Saklama<\/strong><\/p>\n<p data-start=\"1052\" data-end=\"1140\">Serin, kuru ve kokusuz ortamda saklay\u0131n\u0131z. Is\u0131, nem ve direkt g\u00fcne\u015f \u0131\u015f\u0131\u011f\u0131ndan koruyunuz.<\/p>\n<\/div>\n<\/div>\n<\/div>\n<\/div>\n<\/div>\n<\/div>\n<\/div>\n<\/div>\n<\/div>\n<\/div>\n<\/div>\n<\/div>\n<\/div>\n<\/div>\n<\/div>\n<\/div>\n<\/div>\n<\/div>\n<\/article>\n<\/div>\n<\/div>\n<\/div>\n<\/div>\n<\/div>\n<\/div>\n<\/div>\n<\/article>\n<\/div>\n","protected":false},"excerpt":{"rendered":"<p>\u2022 Zengin \u00e7ikolata aromas\u0131<br data-start=\"588\" data-end=\"591\" \/>\u2022 Kremams\u0131 ve p\u00fcr\u00fczs\u00fcz yap\u0131<br data-start=\"618\" data-end=\"621\" \/>\u2022 Pastac\u0131l\u0131k ve tatl\u0131lar i\u00e7in ideal<br data-start=\"656\" data-end=\"659\" \/>\u2022 Dolgu ve dekorasyon i\u00e7in uygun<br data-start=\"691\" data-end=\"694\" \/>\u2022 Profesyonel kullan\u0131m i\u00e7in uygun<\/p>\n","protected":false},"featured_media":6718,"template":"","meta":{"inline_featured_image":false},"product_brand":[],"product_cat":[587,451,628,437],"product_tag":[],"class_list":{"0":"post-7235","1":"product","2":"type-product","3":"status-publish","4":"has-post-thumbnail","6":"product_cat-diger-urunler","7":"product_cat-drip-glaze-tr","8":"product_cat-ovalette-tr","9":"product_cat-pasta-dekorasyon","11":"first","12":"outofstock","13":"taxable","14":"shipping-taxable","15":"purchasable","16":"product-type-simple"},"_links":{"self":[{"href":"https:\/\/cakepro.nl\/tr\/wp-json\/wp\/v2\/product\/7235","targetHints":{"allow":["GET"]}}],"collection":[{"href":"https:\/\/cakepro.nl\/tr\/wp-json\/wp\/v2\/product"}],"about":[{"href":"https:\/\/cakepro.nl\/tr\/wp-json\/wp\/v2\/types\/product"}],"wp:featuredmedia":[{"embeddable":true,"href":"https:\/\/cakepro.nl\/tr\/wp-json\/wp\/v2\/media\/6718"}],"wp:attachment":[{"href":"https:\/\/cakepro.nl\/tr\/wp-json\/wp\/v2\/media?parent=7235"}],"wp:term":[{"taxonomy":"product_brand","embeddable":true,"href":"https:\/\/cakepro.nl\/tr\/wp-json\/wp\/v2\/product_brand?post=7235"},{"taxonomy":"product_cat","embeddable":true,"href":"https:\/\/cakepro.nl\/tr\/wp-json\/wp\/v2\/product_cat?post=7235"},{"taxonomy":"product_tag","embeddable":true,"href":"https:\/\/cakepro.nl\/tr\/wp-json\/wp\/v2\/product_tag?post=7235"}],"curies":[{"name":"wp","href":"https:\/\/api.w.org\/{rel}","templated":true}]}}