{"id":7574,"date":"2026-03-05T09:28:19","date_gmt":"2026-03-05T09:28:19","guid":{"rendered":"https:\/\/cakepro.nl\/product\/funcakes-cake-card-rond-o355-cm-goud-zilver-3-stuks\/"},"modified":"2026-03-23T16:33:14","modified_gmt":"2026-03-23T16:33:14","slug":"funcakes-cake-card-rond-o355-cm-goud-zilver-3-stuks","status":"publish","type":"product","link":"https:\/\/cakepro.nl\/tr\/urun\/funcakes-cake-card-rond-o355-cm-goud-zilver-3-stuks\/","title":{"rendered":"FunCakes Yuvarlak Pasta Altl\u0131\u011f\u0131 (Cake Card) 35,5 cm \u2013 Alt\u0131n\/G\u00fcm\u00fc\u015f (1,15 mm, 3 adet)"},"content":{"rendered":"<p data-start=\"1463\" data-end=\"1696\">FunCakes 35,5 cm cake card, pasta ve tatl\u0131lar\u0131n sunumu ve ta\u015f\u0131nmas\u0131 i\u00e7in ideal olan sa\u011flam ve \u015f\u0131k bir pasta altl\u0131\u011f\u0131d\u0131r. \u00c7ift tarafl\u0131 (alt\u0131n ve g\u00fcm\u00fc\u015f) kaplamas\u0131 ve koruyucu y\u00fczeyi sayesinde farkl\u0131 sunumlar i\u00e7in esnek kullan\u0131m sa\u011flar.<\/p>\n<p data-start=\"1698\" data-end=\"1856\">1,15 mm kal\u0131nl\u0131\u011f\u0131 sayesinde yeterli stabilite ve destek sunar. Hafif ancak dayan\u0131kl\u0131 karton yap\u0131s\u0131 sayesinde bu \u00fcr\u00fcn k\u00fc\u00e7\u00fck ve orta boy pastalar i\u00e7in uygundur.<\/p>\n<p data-start=\"1858\" data-end=\"1922\">F\u0131r\u0131nlar, pastaneler, etkinlikler ve ev kullan\u0131m\u0131 i\u00e7in uygundur.<\/p>\n<p data-start=\"1924\" data-end=\"1938\"><strong data-start=\"1924\" data-end=\"1938\">\u00d6zellikler<\/strong><\/p>\n<p data-start=\"1940\" data-end=\"2106\">\u2022 Sa\u011flam cake card<br data-start=\"1958\" data-end=\"1961\" \/>\u2022 \u00c7ift tarafl\u0131 kullan\u0131m: alt\u0131n ve g\u00fcm\u00fc\u015f<br data-start=\"2000\" data-end=\"2003\" \/>\u2022 K\u00fc\u00e7\u00fck ve orta boy pastalar i\u00e7in uygun<br data-start=\"2042\" data-end=\"2045\" \/>\u2022 Hafif ama dayan\u0131kl\u0131 karton<br data-start=\"2073\" data-end=\"2076\" \/>\u2022 Sunum ve ta\u015f\u0131ma i\u00e7in ideal<\/p>\n<p data-start=\"2108\" data-end=\"2129\"><strong data-start=\"2108\" data-end=\"2129\">Teknik \u00d6zellikler<\/strong><\/p>\n<p data-start=\"2131\" data-end=\"2326\">\u2022 \u00dcr\u00fcn: Pasta altl\u0131\u011f\u0131 (Cake Card)<br data-start=\"2164\" data-end=\"2167\" \/>\u2022 \u015eekil: Yuvarlak<br data-start=\"2184\" data-end=\"2187\" \/>\u2022 Renk: Alt\u0131n \/ G\u00fcm\u00fc\u015f<br data-start=\"2208\" data-end=\"2211\" \/>\u2022 \u00c7ap: 35,5 cm<br data-start=\"2226\" data-end=\"2229\" \/>\u2022 Kal\u0131nl\u0131k: 1,15 mm<br data-start=\"2248\" data-end=\"2251\" \/>\u2022 Malzeme: Koruyucu kaplamal\u0131 karton<br data-start=\"2287\" data-end=\"2290\" \/>\u2022 Adet: 3 adet<br data-start=\"2304\" data-end=\"2307\" \/>\u2022 Marka: FunCakes<\/p>\n<p data-start=\"2328\" data-end=\"2349\"><strong data-start=\"2328\" data-end=\"2349\">Kullan\u0131m Alanlar\u0131<\/strong><\/p>\n<p data-start=\"2351\" data-end=\"2482\">\u2022 Pasta sunumu<br data-start=\"2365\" data-end=\"2368\" \/>\u2022 Tatl\u0131 ve pastac\u0131l\u0131k \u00fcr\u00fcnleri servis<br data-start=\"2405\" data-end=\"2408\" \/>\u2022 Cupcake sunumu<br data-start=\"2424\" data-end=\"2427\" \/>\u2022 F\u0131r\u0131n ve pastaneler<br data-start=\"2448\" data-end=\"2451\" \/>\u2022 Organizasyon ve etkinlikler<\/p>\n<p data-start=\"2484\" data-end=\"2495\"><strong data-start=\"2484\" data-end=\"2495\">Saklama<\/strong><\/p>\n<p data-start=\"2497\" data-end=\"2557\">Kuru ve temiz ortamda saklay\u0131n. Nem ve hasara kar\u015f\u0131 koruyun.<\/p>\n","protected":false},"excerpt":{"rendered":"<p>FunCakes 35,5 cm cake card, pasta ve tatl\u0131lar\u0131n sunumu ve ta\u015f\u0131nmas\u0131 i\u00e7in ideal olan sa\u011flam ve \u015f\u0131k bir pasta altl\u0131\u011f\u0131d\u0131r. \u00c7ift tarafl\u0131 (alt\u0131n ve g\u00fcm\u00fc\u015f) kaplamas\u0131 ve koruyucu y\u00fczeyi sayesinde farkl\u0131 sunumlar i\u00e7in esnek kullan\u0131m sa\u011flar. 1,15 mm kal\u0131nl\u0131\u011f\u0131 sayesinde yeterli stabilite ve destek sunar. Hafif ancak dayan\u0131kl\u0131 karton yap\u0131s\u0131 sayesinde bu \u00fcr\u00fcn k\u00fc\u00e7\u00fck ve [&hellip;]<\/p>\n","protected":false},"featured_media":7578,"template":"","meta":{"inline_featured_image":false},"product_brand":[],"product_cat":[587,571,515,513],"product_tag":[],"class_list":{"0":"post-7574","1":"product","2":"type-product","3":"status-publish","4":"has-post-thumbnail","6":"product_cat-diger-urunler","7":"product_cat-funcakes-tr","8":"product_cat-pasta-altliklari","9":"product_cat-sunum-paketleme","11":"first","12":"instock","13":"taxable","14":"shipping-taxable","15":"purchasable","16":"product-type-simple"},"_links":{"self":[{"href":"https:\/\/cakepro.nl\/tr\/wp-json\/wp\/v2\/product\/7574","targetHints":{"allow":["GET"]}}],"collection":[{"href":"https:\/\/cakepro.nl\/tr\/wp-json\/wp\/v2\/product"}],"about":[{"href":"https:\/\/cakepro.nl\/tr\/wp-json\/wp\/v2\/types\/product"}],"wp:featuredmedia":[{"embeddable":true,"href":"https:\/\/cakepro.nl\/tr\/wp-json\/wp\/v2\/media\/7578"}],"wp:attachment":[{"href":"https:\/\/cakepro.nl\/tr\/wp-json\/wp\/v2\/media?parent=7574"}],"wp:term":[{"taxonomy":"product_brand","embeddable":true,"href":"https:\/\/cakepro.nl\/tr\/wp-json\/wp\/v2\/product_brand?post=7574"},{"taxonomy":"product_cat","embeddable":true,"href":"https:\/\/cakepro.nl\/tr\/wp-json\/wp\/v2\/product_cat?post=7574"},{"taxonomy":"product_tag","embeddable":true,"href":"https:\/\/cakepro.nl\/tr\/wp-json\/wp\/v2\/product_tag?post=7574"}],"curies":[{"name":"wp","href":"https:\/\/api.w.org\/{rel}","templated":true}]}}